{"id":209,"date":"2023-04-10T12:26:21","date_gmt":"2023-04-10T10:26:21","guid":{"rendered":"https:\/\/wp.ulmekarr.se\/?page_id=209"},"modified":"2023-04-10T12:26:22","modified_gmt":"2023-04-10T10:26:22","slug":"trivselregler-for-omradet","status":"publish","type":"page","link":"https:\/\/wp.ulmekarr.se\/index.php\/for-medlemmar\/trivselregler-for-omradet\/","title":{"rendered":"Trivselregler f\u00f6r omr\u00e5det"},"content":{"rendered":"\n<p><strong>V\u00c4LKOMMEN TILL ULMEK\u00c4RRS FRITIDSHUSOMR\u00c5DE MED ANOR FR\u00c5N 1960 TALET, VI HOPPAS ATT DU SKA TRIVAS HOS OSS OCH VI MED DIG<\/strong><\/p>\n\n\n\n<p><em>F\u00f6r gemensam trevnad har vi n\u00e5gra enkla regler<\/em><\/p>\n\n\n\n<p><strong>Trafik och hastigheter<\/strong><\/p>\n\n\n\n<p>M\u00e5nga sig r\u00f6r sig p\u00e5 omr\u00e5dets v\u00e4gar, barn, vuxna, husdjur etc. D\u00e4rf\u00f6r d\u00e4mpar vi hastigheten och respekterar fartgr\u00e4nserna f\u00f6r att undvika olyckor och on\u00f6digt buller.<\/p>\n\n\n\n<p><strong>Allm\u00e4n aktsamhet<\/strong><\/p>\n\n\n\n<p>T\u00e4nk p\u00e5 att vara r\u00e4dd om och v\u00e4l v\u00e5rda f\u00f6reningens egendom. Kostnader f\u00f6r underh\u00e5ll och reparationer betalas av alla gemensamt.<\/p>\n\n\n\n<p>Vi h\u00e5ller omr\u00e5det st\u00e4dat och v\u00e5rdat, d\u00e4rf\u00f6r kastar vi inte tr\u00e4dg\u00e5rdsavfall, ris och \u00f6vrigt avfall omkring oss eller bryter kvistar och grenar.<\/p>\n\n\n\n<p><strong>Husdjur<\/strong><\/p>\n\n\n\n<p>Alla tycker inte lika mycket om hundar som husse och matte. D\u00e4rf\u00f6r h\u00e5ller vi reda p\u00e5 v\u00e5ra hundar och l\u00e5ter dem inte springa fritt utan ordentlig uppsikt. Att \u201dPlocka upp\u201d efter din hund ser vi som en sj\u00e4lvklarhet<\/p>\n\n\n\n<p><strong>Trivsel<\/strong><\/p>\n\n\n\n<p>Visst har vi fester med grannar och g\u00e4stande v\u00e4nner. Men bland oss har vi ocks\u00e5 gamla ibland sjuka och andra som beh\u00f6ver nattro.<\/p>\n\n\n\n<p>En bra regel \u00e4r att d\u00e4mpa musik, lekar, prat och liknande kv\u00e4llstid f\u00f6r att inte st\u00f6ra. St\u00f6rande aktiviteter b\u00f6r inte ske efter <strong><u>klockan 23<\/u><\/strong><strong>. <\/strong>Om ni planerat in en fest eller andra trevligheter \u00e4r det bra att informera grannarna i f\u00f6rv\u00e4g.<\/p>\n\n\n\n<p><strong>F\u00f6reningens vatten<\/strong><\/p>\n\n\n\n<p>Vi har fint f\u00f6reningsvatten. Men vattentillg\u00e5ngen \u00e4r begr\u00e4nsad, d\u00e4rf\u00f6r anv\u00e4nder vi det bara till hush\u00e5llsvatten.<\/p>\n\n\n\n<p><strong>Lekplatser och friytor<\/strong><\/p>\n\n\n\n<p>Barnen ska kunna leka tryggt, inte bara p\u00e5 de iordningst\u00e4llda lekplatserna, utan \u00e4ven p\u00e5 andra friytor i omr\u00e5det. Den som observerar n\u00e5got som kan t\u00e4nkas utg\u00f6ra en fara f\u00f6r barnen ska snarast meddela detta till styrelsen.<\/p>\n\n\n\n<p><strong>Arbete p\u00e5 och omkring fastigheten<\/strong><\/p>\n\n\n\n<p>F\u00f6r att inte st\u00f6ra grannar med buller b\u00f6r vi inte k\u00f6ra maskiner, gr\u00e4sklippare, trimmer och liknande f\u00f6re kl 09.00. Sj\u00e4lvklart b\u00f6r man inte anv\u00e4nda maskinerna sena kv\u00e4llar.<\/p>\n\n\n\n<p>\u00c4r det entrepren\u00f6rer som arbetar p\u00e5 fastigheten m\u00e5ste vi acceptera deras arbetstider.<\/p>\n\n\n\n<p><strong>R\u00f6jning av sly och buskar, nedtagning av tr\u00e4d<\/strong><\/p>\n\n\n\n<p>R\u00f6jning av sly och buskar p\u00e5 ytor utanf\u00f6r v\u00e5ra tomter sker normalt p\u00e5 gemensam st\u00e4ddag. Omfattningen best\u00e4ms \u00e5rligen i samband med st\u00e4ddagen.<\/p>\n\n\n\n<p><strong><em>Vi tycker v\u00e4ldigt mycket om Ulmek\u00e4rr och trivs med varandra. D\u00e4rf\u00f6r vill vi ocks\u00e5 att v\u00e5ra g\u00e4ster f\u00f6ljer spelreglerna.<\/em><\/strong><\/p>\n\n\n\n<p><strong>Styrelsen<\/strong><\/p>\n","protected":false},"excerpt":{"rendered":"<p>V\u00c4LKOMMEN TILL ULMEK\u00c4RRS FRITIDSHUSOMR\u00c5DE MED ANOR FR\u00c5N 1960 TALET, VI HOPPAS ATT DU SKA TRIVAS HOS OSS OCH VI MED DIG F\u00f6r gemensam trevnad har vi n\u00e5gra enkla regler Trafik och hastigheter M\u00e5nga sig r\u00f6r sig p\u00e5 omr\u00e5dets v\u00e4gar, barn, vuxna, husdjur etc. D\u00e4rf\u00f6r d\u00e4mpar vi hastigheten och respekterar fartgr\u00e4nserna f\u00f6r att undvika olyckor och on\u00f6digt buller. Allm\u00e4n aktsamhet T\u00e4nk p\u00e5 att vara r\u00e4dd om och v\u00e4l v\u00e5rda f\u00f6reningens&#46;&#46;&#46;<\/p>\n","protected":false},"author":2,"featured_media":0,"parent":109,"menu_order":2,"comment_status":"closed","ping_status":"closed","template":"","meta":{"om_disable_all_campaigns":true,"_monsterinsights_skip_tracking":false,"_monsterinsights_sitenote_active":false,"_monsterinsights_sitenote_note":"","_monsterinsights_sitenote_category":0,"jetpack_post_was_ever_published":false,"footnotes":""},"class_list":["post-209","page","type-page","status-publish","hentry"],"aioseo_notices":[],"jetpack-related-posts":[],"jetpack_sharing_enabled":true,"_links":{"self":[{"href":"https:\/\/wp.ulmekarr.se\/index.php\/wp-json\/wp\/v2\/pages\/209","targetHints":{"allow":["GET"]}}],"collection":[{"href":"https:\/\/wp.ulmekarr.se\/index.php\/wp-json\/wp\/v2\/pages"}],"about":[{"href":"https:\/\/wp.ulmekarr.se\/index.php\/wp-json\/wp\/v2\/types\/page"}],"author":[{"embeddable":true,"href":"https:\/\/wp.ulmekarr.se\/index.php\/wp-json\/wp\/v2\/users\/2"}],"replies":[{"embeddable":true,"href":"https:\/\/wp.ulmekarr.se\/index.php\/wp-json\/wp\/v2\/comments?post=209"}],"version-history":[{"count":1,"href":"https:\/\/wp.ulmekarr.se\/index.php\/wp-json\/wp\/v2\/pages\/209\/revisions"}],"predecessor-version":[{"id":210,"href":"https:\/\/wp.ulmekarr.se\/index.php\/wp-json\/wp\/v2\/pages\/209\/revisions\/210"}],"up":[{"embeddable":true,"href":"https:\/\/wp.ulmekarr.se\/index.php\/wp-json\/wp\/v2\/pages\/109"}],"wp:attachment":[{"href":"https:\/\/wp.ulmekarr.se\/index.php\/wp-json\/wp\/v2\/media?parent=209"}],"curies":[{"name":"wp","href":"https:\/\/api.w.org\/{rel}","templated":true}]}}