{"id":127,"date":"2022-11-20T15:58:28","date_gmt":"2022-11-20T13:58:28","guid":{"rendered":"https:\/\/wp.ulmekarr.se\/?page_id=127"},"modified":"2024-10-07T18:15:18","modified_gmt":"2024-10-07T16:15:18","slug":"fortroendevalda-2","status":"publish","type":"page","link":"https:\/\/wp.ulmekarr.se\/index.php\/fortroendevalda-2\/","title":{"rendered":"F\u00f6rtroendevalda"},"content":{"rendered":"\n<p><strong>Styrelse \u2013&nbsp;Kontakta styrelsen p\u00e5 styrelsen (a) ulmekarr.se<\/strong><\/p>\n\n\n\n<figure class=\"wp-block-table\"><table class=\"has-fixed-layout\"><tbody><tr><td>Ordf\u00f6rande<\/td><td>Stein Gjesteby<\/td><\/tr><tr><td>Sekreterare<\/td><td>Anders Jegerfalk<\/td><\/tr><tr><td>Kass\u00f6r<\/td><td>Christian Balac<\/td><\/tr><tr><td>Ordinarie ledamot, V\u00e4gansvarig<\/td><td>Ronnie Carlsson<\/td><\/tr><tr><td>Suppleant<\/td><td>Anna-Karin Nilsson<\/td><\/tr><tr><td>Suppleant<\/td><td>Anne Berit Karlsen<\/td><\/tr><tr><td><\/td><td><\/td><\/tr><tr><td><\/td><td><\/td><\/tr><\/tbody><\/table><\/figure>\n\n\n\n<figure class=\"wp-block-table\"><table class=\"has-fixed-layout\"><tbody><tr><td><strong>Fritidssektionen<\/strong><\/td><\/tr><tr><td>Fritidssektionen<\/td><td>Morgan Adolfsson<\/td><\/tr><tr><td>Fritidssektionen<\/td><td>Anna-Karin Nilsson<\/td><\/tr><tr><td><\/td><td><\/td><\/tr><\/tbody><\/table><\/figure>\n\n\n\n<figure class=\"wp-block-table\"><table class=\"has-fixed-layout\"><tbody><tr><td><strong>Revisorer<\/strong><\/td><td><\/td><\/tr><tr><td>Revisor<\/td><td>Lennart Wink<\/td><\/tr><tr><td>Revisor<\/td><td>Clas Bjurstr\u00f6m<\/td><\/tr><tr><td>Revisorssuppleant<\/td><td>Maria Sandersson<\/td><\/tr><tr><td>Revisorssuppleant<\/td><td>P\u00e5l Henrik Andreassen<\/td><\/tr><\/tbody><\/table><\/figure>\n\n\n\n<figure class=\"wp-block-table\"><table class=\"has-fixed-layout\"><tbody><tr><td><strong>Valberedningen<\/strong><\/td><\/tr><tr><td>Valberedning<\/td><td>Morgan Adolfsson<\/td><\/tr><tr><td>Valberedning<\/td><td>Torbj\u00f6rn Nilsson<\/td><\/tr><tr><td>\ufeff<\/td><td>\ufeff<\/td><\/tr><\/tbody><\/table><\/figure>\n","protected":false},"excerpt":{"rendered":"<p>Styrelse \u2013&nbsp;Kontakta styrelsen p\u00e5 styrelsen (a) ulmekarr.se Ordf\u00f6rande Stein Gjesteby Sekreterare Anders Jegerfalk Kass\u00f6r Christian Balac Ordinarie ledamot, V\u00e4gansvarig Ronnie Carlsson Suppleant Anna-Karin Nilsson Suppleant Anne Berit Karlsen Fritidssektionen Fritidssektionen Morgan Adolfsson Fritidssektionen Anna-Karin Nilsson Revisorer Revisor Lennart Wink Revisor Clas Bjurstr\u00f6m Revisorssuppleant Maria Sandersson Revisorssuppleant P\u00e5l Henrik Andreassen Valberedningen Valberedning Morgan Adolfsson Valberedning Torbj\u00f6rn Nilsson \ufeff \ufeff<\/p>\n","protected":false},"author":1,"featured_media":0,"parent":0,"menu_order":0,"comment_status":"closed","ping_status":"closed","template":"","meta":{"om_disable_all_campaigns":true,"_monsterinsights_skip_tracking":false,"_monsterinsights_sitenote_active":false,"_monsterinsights_sitenote_note":"","_monsterinsights_sitenote_category":0,"jetpack_post_was_ever_published":false,"footnotes":""},"class_list":["post-127","page","type-page","status-publish","hentry"],"aioseo_notices":[],"jetpack-related-posts":[],"jetpack_sharing_enabled":true,"_links":{"self":[{"href":"https:\/\/wp.ulmekarr.se\/index.php\/wp-json\/wp\/v2\/pages\/127","targetHints":{"allow":["GET"]}}],"collection":[{"href":"https:\/\/wp.ulmekarr.se\/index.php\/wp-json\/wp\/v2\/pages"}],"about":[{"href":"https:\/\/wp.ulmekarr.se\/index.php\/wp-json\/wp\/v2\/types\/page"}],"author":[{"embeddable":true,"href":"https:\/\/wp.ulmekarr.se\/index.php\/wp-json\/wp\/v2\/users\/1"}],"replies":[{"embeddable":true,"href":"https:\/\/wp.ulmekarr.se\/index.php\/wp-json\/wp\/v2\/comments?post=127"}],"version-history":[{"count":10,"href":"https:\/\/wp.ulmekarr.se\/index.php\/wp-json\/wp\/v2\/pages\/127\/revisions"}],"predecessor-version":[{"id":362,"href":"https:\/\/wp.ulmekarr.se\/index.php\/wp-json\/wp\/v2\/pages\/127\/revisions\/362"}],"wp:attachment":[{"href":"https:\/\/wp.ulmekarr.se\/index.php\/wp-json\/wp\/v2\/media?parent=127"}],"curies":[{"name":"wp","href":"https:\/\/api.w.org\/{rel}","templated":true}]}}